{"id":4717,"date":"2023-10-24T19:50:11","date_gmt":"2023-10-24T08:50:11","guid":{"rendered":"https:\/\/greatcherry.org\/?page_id=4717"},"modified":"2025-09-13T06:01:32","modified_gmt":"2025-09-12T23:01:32","slug":"our-cause","status":"publish","type":"page","link":"https:\/\/greatcherry.org\/vi\/our-cause\/","title":{"rendered":"Our Cause"},"content":{"rendered":"<div data-elementor-type=\"wp-page\" data-elementor-id=\"4717\" class=\"elementor elementor-4717\" data-elementor-post-type=\"page\">\n\t\t\t\t\t\t<section class=\"elementor-section elementor-top-section elementor-element elementor-element-2533e51 elementor-section-boxed elementor-section-height-default elementor-section-height-default\" data-id=\"2533e51\" data-element_type=\"section\" data-e-type=\"section\" data-settings=\"{&quot;background_background&quot;:&quot;classic&quot;}\">\n\t\t\t\t\t\t<div class=\"elementor-container elementor-column-gap-default\">\n\t\t\t\t\t<div class=\"elementor-column elementor-col-100 elementor-top-column elementor-element elementor-element-1837cb3\" data-id=\"1837cb3\" data-element_type=\"column\" data-e-type=\"column\">\n\t\t\t<div class=\"elementor-widget-wrap elementor-element-populated\">\n\t\t\t\t\t\t<div class=\"elementor-element elementor-element-988c0ac elementor-widget elementor-widget-heading\" data-id=\"988c0ac\" data-element_type=\"widget\" data-e-type=\"widget\" data-widget_type=\"heading.default\">\n\t\t\t\t<div class=\"elementor-widget-container\">\n\t\t\t\t\t<h2 class=\"elementor-heading-title elementor-size-default\">WHY WE EXIST<\/h2>\t\t\t\t<\/div>\n\t\t\t\t<\/div>\n\t\t\t\t<div class=\"elementor-element elementor-element-862807e elementor-widget__width-initial elementor-widget elementor-widget-text-editor\" data-id=\"862807e\" data-element_type=\"widget\" data-e-type=\"widget\" data-widget_type=\"text-editor.default\">\n\t\t\t\t<div class=\"elementor-widget-container\">\n\t\t\t\t\t\t\t\t\t<div>T\u1eebng s\u1ed1ng \u1edf Sydney m\u1ed9t th\u1eddi gian, ch\u00fang t\u00f4i nh\u1eadn th\u1ea5y c\u00e0 ph\u00ea Robusta kh\u00f4ng \u0111\u01b0\u1ee3c quan t\u00e2m \u1edf th\u1ecb tr\u01b0\u1eddng n\u00e0y. N\u00f3 \u0111\u01b0\u1ee3c xem l\u00e0 m\u1ed9t s\u1ea3n ph\u1ea9m k\u00e9m ch\u1ea5t l\u01b0\u1ee3ng v\u00e0 kh\u00f4ng th\u1ec3 l\u00e0m c\u00e0 ph\u00ea \u0111\u1eb7c s\u1ea3n \u0111\u01b0\u1ee3c.<br \/><br \/><\/div><div>V\u00ec v\u1eady, lo\u1ea1i c\u00e0 ph\u00ea n\u00e0y th\u01b0\u1eddng \u0111\u01b0\u1ee3c d\u00f9ng l\u00e0m c\u00e0 ph\u00ea h\u00f2a tan ho\u1eb7c b\u00ed m\u1eadt ph\u1ed1i tr\u1ed9n v\u1edbi c\u00e1c lo\u1ea1i c\u00e0 ph\u00ea kh\u00e1c.<\/div><div>\u00a0<\/div><div>Ch\u00fang t\u00f4i tin r\u1eb1ng c\u00e0 ph\u00ea Robusta s\u1ebd r\u1ea5t ngon n\u1ebfu c\u00f3 ph\u01b0\u01a1ng ph\u00e1p thu ho\u1ea1ch v\u00e0 ch\u1ebf bi\u1ebfn th\u00edch h\u1ee3p. V\u00e0 ch\u00fang t\u00f4i r\u1ea5t vui m\u1eebng khi chia s\u1ebb v\u1edbi c\u00e1c b\u1ea1n mang \u0111\u1ebfn m\u1ed9t s\u1ed1 lo\u1ea1i c\u00e0 ph\u00ea Robusta ngon nh\u1ea5t m\u00e0 \u0111\u1ea5t n\u01b0\u1edbc ch\u00fang t\u00f4i c\u00f3.<\/div>\t\t\t\t\t\t\t\t<\/div>\n\t\t\t\t<\/div>\n\t\t\t\t\t<\/div>\n\t\t<\/div>\n\t\t\t\t\t<\/div>\n\t\t<\/section>\n\t\t\t\t<section class=\"elementor-section elementor-top-section elementor-element elementor-element-efc95d2 elementor-section-boxed elementor-section-height-default elementor-section-height-default\" data-id=\"efc95d2\" data-element_type=\"section\" data-e-type=\"section\" data-settings=\"{&quot;background_background&quot;:&quot;classic&quot;}\">\n\t\t\t\t\t\t<div class=\"elementor-container elementor-column-gap-default\">\n\t\t\t\t\t<div class=\"elementor-column elementor-col-100 elementor-top-column elementor-element elementor-element-19acb97\" data-id=\"19acb97\" data-element_type=\"column\" data-e-type=\"column\">\n\t\t\t<div class=\"elementor-widget-wrap elementor-element-populated\">\n\t\t\t\t\t\t<div class=\"elementor-element elementor-element-eb91c82 elementor-widget-divider--view-line elementor-widget elementor-widget-divider\" data-id=\"eb91c82\" data-element_type=\"widget\" data-e-type=\"widget\" data-widget_type=\"divider.default\">\n\t\t\t\t<div class=\"elementor-widget-container\">\n\t\t\t\t\t\t\t<div class=\"elementor-divider\">\n\t\t\t<span class=\"elementor-divider-separator\">\n\t\t\t\t\t\t<\/span>\n\t\t<\/div>\n\t\t\t\t\t\t<\/div>\n\t\t\t\t<\/div>\n\t\t\t\t\t<\/div>\n\t\t<\/div>\n\t\t\t\t\t<\/div>\n\t\t<\/section>\n\t\t\t\t<section class=\"elementor-section elementor-top-section elementor-element elementor-element-c4c2fe0 elementor-section-boxed elementor-section-height-default elementor-section-height-default\" data-id=\"c4c2fe0\" data-element_type=\"section\" data-e-type=\"section\" data-settings=\"{&quot;background_background&quot;:&quot;classic&quot;}\">\n\t\t\t\t\t\t<div class=\"elementor-container elementor-column-gap-default\">\n\t\t\t\t\t<div class=\"elementor-column elementor-col-100 elementor-top-column elementor-element elementor-element-e6c97a4\" data-id=\"e6c97a4\" data-element_type=\"column\" data-e-type=\"column\">\n\t\t\t<div class=\"elementor-widget-wrap elementor-element-populated\">\n\t\t\t\t\t\t<div class=\"elementor-element elementor-element-da2806d elementor-widget elementor-widget-heading\" data-id=\"da2806d\" data-element_type=\"widget\" data-e-type=\"widget\" data-widget_type=\"heading.default\">\n\t\t\t\t<div class=\"elementor-widget-container\">\n\t\t\t\t\t<h2 class=\"elementor-heading-title elementor-size-default\">OUR BELIEFS<\/h2>\t\t\t\t<\/div>\n\t\t\t\t<\/div>\n\t\t\t\t<div class=\"elementor-element elementor-element-075cba5 elementor-widget elementor-widget-image\" data-id=\"075cba5\" data-element_type=\"widget\" data-e-type=\"widget\" data-widget_type=\"image.default\">\n\t\t\t\t<div class=\"elementor-widget-container\">\n\t\t\t\t\t\t\t\t\t\t\t\t\t\t\t<img fetchpriority=\"high\" decoding=\"async\" width=\"768\" height=\"720\" src=\"https:\/\/greatcherry.org\/wp-content\/uploads\/2024\/05\/Vietnamese-VN.png\" class=\"attachment-medium_large size-medium_large wp-image-4770\" alt=\"\" srcset=\"https:\/\/greatcherry.org\/wp-content\/uploads\/2024\/05\/Vietnamese-VN.png 1920w, https:\/\/greatcherry.org\/wp-content\/uploads\/2024\/05\/Vietnamese-VN-600x563.png 600w, https:\/\/greatcherry.org\/wp-content\/uploads\/2024\/05\/Vietnamese-VN-300x281.png 300w, https:\/\/greatcherry.org\/wp-content\/uploads\/2024\/05\/Vietnamese-VN-1024x960.png 1024w, https:\/\/greatcherry.org\/wp-content\/uploads\/2024\/05\/Vietnamese-VN-768x720.png 768w, https:\/\/greatcherry.org\/wp-content\/uploads\/2024\/05\/Vietnamese-VN-1536x1440.png 1536w\" sizes=\"(max-width: 768px) 100vw, 768px\" \/>\t\t\t\t\t\t\t\t\t\t\t\t\t\t\t<\/div>\n\t\t\t\t<\/div>\n\t\t\t\t\t<\/div>\n\t\t<\/div>\n\t\t\t\t\t<\/div>\n\t\t<\/section>\n\t\t\t\t<section class=\"elementor-section elementor-top-section elementor-element elementor-element-2a217de elementor-section-boxed elementor-section-height-default elementor-section-height-default\" data-id=\"2a217de\" data-element_type=\"section\" data-e-type=\"section\" data-settings=\"{&quot;background_background&quot;:&quot;classic&quot;}\">\n\t\t\t\t\t\t<div class=\"elementor-container elementor-column-gap-default\">\n\t\t\t\t\t<div class=\"elementor-column elementor-col-100 elementor-top-column elementor-element elementor-element-af8dddd\" data-id=\"af8dddd\" data-element_type=\"column\" data-e-type=\"column\">\n\t\t\t<div class=\"elementor-widget-wrap elementor-element-populated\">\n\t\t\t\t\t\t<div class=\"elementor-element elementor-element-2d1885d elementor-widget-divider--view-line elementor-widget elementor-widget-divider\" data-id=\"2d1885d\" data-element_type=\"widget\" data-e-type=\"widget\" data-widget_type=\"divider.default\">\n\t\t\t\t<div class=\"elementor-widget-container\">\n\t\t\t\t\t\t\t<div class=\"elementor-divider\">\n\t\t\t<span class=\"elementor-divider-separator\">\n\t\t\t\t\t\t<\/span>\n\t\t<\/div>\n\t\t\t\t\t\t<\/div>\n\t\t\t\t<\/div>\n\t\t\t\t\t<\/div>\n\t\t<\/div>\n\t\t\t\t\t<\/div>\n\t\t<\/section>\n\t\t\t\t<section class=\"elementor-section elementor-top-section elementor-element elementor-element-b578e65 elementor-section-boxed elementor-section-height-default elementor-section-height-default\" data-id=\"b578e65\" data-element_type=\"section\" data-e-type=\"section\" data-settings=\"{&quot;background_background&quot;:&quot;classic&quot;}\">\n\t\t\t\t\t\t<div class=\"elementor-container elementor-column-gap-default\">\n\t\t\t\t\t<div class=\"elementor-column elementor-col-33 elementor-top-column elementor-element elementor-element-4bde4eb\" data-id=\"4bde4eb\" data-element_type=\"column\" data-e-type=\"column\">\n\t\t\t<div class=\"elementor-widget-wrap elementor-element-populated\">\n\t\t\t\t\t\t<div class=\"elementor-element elementor-element-764c8a1 elementor-view-default elementor-widget elementor-widget-icon\" data-id=\"764c8a1\" data-element_type=\"widget\" data-e-type=\"widget\" data-widget_type=\"icon.default\">\n\t\t\t\t<div class=\"elementor-widget-container\">\n\t\t\t\t\t\t\t<div class=\"elementor-icon-wrapper\">\n\t\t\t<div class=\"elementor-icon\">\n\t\t\t<i aria-hidden=\"true\" class=\"fas fa-quote-left\"><\/i>\t\t\t<\/div>\n\t\t<\/div>\n\t\t\t\t\t\t<\/div>\n\t\t\t\t<\/div>\n\t\t\t\t\t<\/div>\n\t\t<\/div>\n\t\t\t\t<div class=\"elementor-column elementor-col-33 elementor-top-column elementor-element elementor-element-ab5e1e0\" data-id=\"ab5e1e0\" data-element_type=\"column\" data-e-type=\"column\">\n\t\t\t<div class=\"elementor-widget-wrap elementor-element-populated\">\n\t\t\t\t\t\t<div class=\"elementor-element elementor-element-0c53732 elementor-widget elementor-widget-text-editor\" data-id=\"0c53732\" data-element_type=\"widget\" data-e-type=\"widget\" data-widget_type=\"text-editor.default\">\n\t\t\t\t<div class=\"elementor-widget-container\">\n\t\t\t\t\t\t\t\t\t<p>Ch\u00fang t\u00f4i t\u1eadp trung v\u00e0o nh\u1eefng l\u0129nh v\u1ef1c m\u00e0 ch\u00fang t\u00f4i c\u00f3 n\u0103ng l\u1ef1c t\u1ea1o ra gi\u00e1 tr\u1ecb v\u01b0\u1ee3t tr\u1ed9i cho ng\u01b0\u1eddi kh\u00e1c v\u00e0 gi\u00fap cu\u1ed9c s\u1ed1ng c\u1ee7a h\u1ecd d\u1ec5 d\u00e0ng h\u01a1n.<\/p>\t\t\t\t\t\t\t\t<\/div>\n\t\t\t\t<\/div>\n\t\t\t\t<div class=\"elementor-element elementor-element-f0aa337 elementor-view-default elementor-widget elementor-widget-icon\" data-id=\"f0aa337\" data-element_type=\"widget\" data-e-type=\"widget\" data-widget_type=\"icon.default\">\n\t\t\t\t<div class=\"elementor-widget-container\">\n\t\t\t\t\t\t\t<div class=\"elementor-icon-wrapper\">\n\t\t\t<div class=\"elementor-icon\">\n\t\t\t<i aria-hidden=\"true\" class=\"fas fa-quote-right\"><\/i>\t\t\t<\/div>\n\t\t<\/div>\n\t\t\t\t\t\t<\/div>\n\t\t\t\t<\/div>\n\t\t\t\t<div class=\"elementor-element elementor-element-29d6728 elementor-widget__width-initial elementor-widget elementor-widget-text-editor\" data-id=\"29d6728\" data-element_type=\"widget\" data-e-type=\"widget\" data-widget_type=\"text-editor.default\">\n\t\t\t\t<div class=\"elementor-widget-container\">\n\t\t\t\t\t\t\t\t\t<p>Linh<\/p>\t\t\t\t\t\t\t\t<\/div>\n\t\t\t\t<\/div>\n\t\t\t\t<div class=\"elementor-element elementor-element-03902f5 elementor-widget elementor-widget-text-editor\" data-id=\"03902f5\" data-element_type=\"widget\" data-e-type=\"widget\" data-widget_type=\"text-editor.default\">\n\t\t\t\t<div class=\"elementor-widget-container\">\n\t\t\t\t\t\t\t\t\t<p>\u0110\u1ed3ng s\u00e1ng l\u1eadp Great Cherry<\/p>\t\t\t\t\t\t\t\t<\/div>\n\t\t\t\t<\/div>\n\t\t\t\t\t<\/div>\n\t\t<\/div>\n\t\t\t\t<div class=\"elementor-column elementor-col-33 elementor-top-column elementor-element elementor-element-64a7448\" data-id=\"64a7448\" data-element_type=\"column\" data-e-type=\"column\">\n\t\t\t<div class=\"elementor-widget-wrap elementor-element-populated\">\n\t\t\t\t\t\t<div class=\"elementor-element elementor-element-a89ba98 elementor-widget elementor-widget-image\" data-id=\"a89ba98\" data-element_type=\"widget\" data-e-type=\"widget\" data-widget_type=\"image.default\">\n\t\t\t\t<div class=\"elementor-widget-container\">\n\t\t\t\t\t\t\t\t\t\t\t\t\t\t\t<img decoding=\"async\" width=\"300\" height=\"300\" src=\"https:\/\/greatcherry.org\/wp-content\/uploads\/2023\/12\/1-300x300.png\" class=\"attachment-medium size-medium wp-image-5915\" alt=\"\" srcset=\"https:\/\/greatcherry.org\/wp-content\/uploads\/2023\/12\/1-300x300.png 300w, https:\/\/greatcherry.org\/wp-content\/uploads\/2023\/12\/1-100x100.png 100w, https:\/\/greatcherry.org\/wp-content\/uploads\/2023\/12\/1-600x600.png 600w, https:\/\/greatcherry.org\/wp-content\/uploads\/2023\/12\/1-150x150.png 150w, https:\/\/greatcherry.org\/wp-content\/uploads\/2023\/12\/1-768x768.png 768w, https:\/\/greatcherry.org\/wp-content\/uploads\/2023\/12\/1.png 1024w\" sizes=\"(max-width: 300px) 100vw, 300px\" \/>\t\t\t\t\t\t\t\t\t\t\t\t\t\t\t<\/div>\n\t\t\t\t<\/div>\n\t\t\t\t\t<\/div>\n\t\t<\/div>\n\t\t\t\t\t<\/div>\n\t\t<\/section>\n\t\t\t\t<\/div>","protected":false},"excerpt":{"rendered":"<p>WHY WE EXIST Originally from Vietnam and having lived in Sydney for some time, we noticed that Robusta is often overlooked. It&#8217;s perceived as an inferior product compared to other coffees due to the way it is harvested by stripping both green and ripe pods and drying cherries without care. Consequently, this coffee often ends &hellip;<\/p>\n<p class=\"read-more\"> <a class=\"\" href=\"https:\/\/greatcherry.org\/vi\/our-cause\/\"> <span class=\"screen-reader-text\">Our Cause<\/span> Read More &raquo;<\/a><\/p>","protected":false},"author":22,"featured_media":0,"parent":0,"menu_order":0,"comment_status":"closed","ping_status":"closed","template":"","meta":{"content-type":"","site-sidebar-layout":"no-sidebar","site-content-layout":"page-builder","ast-global-header-display":"","ast-main-header-display":"","ast-hfb-above-header-display":"","ast-hfb-below-header-display":"","ast-hfb-mobile-header-display":"","site-post-title":"disabled","ast-breadcrumbs-content":"","ast-featured-img":"disabled","footer-sml-layout":"","theme-transparent-header-meta":"","adv-header-id-meta":"","stick-header-meta":"","header-above-stick-meta":"","header-main-stick-meta":"","header-below-stick-meta":"","footnotes":""},"class_list":["post-4717","page","type-page","status-publish","hentry"],"_links":{"self":[{"href":"https:\/\/greatcherry.org\/vi\/wp-json\/wp\/v2\/pages\/4717","targetHints":{"allow":["GET"]}}],"collection":[{"href":"https:\/\/greatcherry.org\/vi\/wp-json\/wp\/v2\/pages"}],"about":[{"href":"https:\/\/greatcherry.org\/vi\/wp-json\/wp\/v2\/types\/page"}],"author":[{"embeddable":true,"href":"https:\/\/greatcherry.org\/vi\/wp-json\/wp\/v2\/users\/22"}],"replies":[{"embeddable":true,"href":"https:\/\/greatcherry.org\/vi\/wp-json\/wp\/v2\/comments?post=4717"}],"version-history":[{"count":138,"href":"https:\/\/greatcherry.org\/vi\/wp-json\/wp\/v2\/pages\/4717\/revisions"}],"predecessor-version":[{"id":7596,"href":"https:\/\/greatcherry.org\/vi\/wp-json\/wp\/v2\/pages\/4717\/revisions\/7596"}],"wp:attachment":[{"href":"https:\/\/greatcherry.org\/vi\/wp-json\/wp\/v2\/media?parent=4717"}],"curies":[{"name":"wp","href":"https:\/\/api.w.org\/{rel}","templated":true}]}}