{"id":4657,"date":"2023-10-18T17:44:55","date_gmt":"2023-10-18T06:44:55","guid":{"rendered":"https:\/\/greatcherry.org\/?page_id=4657"},"modified":"2025-09-13T05:41:49","modified_gmt":"2025-09-12T22:41:49","slug":"our-team","status":"publish","type":"page","link":"https:\/\/greatcherry.org\/vi\/our-team\/","title":{"rendered":"Our Team"},"content":{"rendered":"<div data-elementor-type=\"wp-page\" data-elementor-id=\"4657\" class=\"elementor elementor-4657\" data-elementor-post-type=\"page\">\n\t\t\t\t\t\t<section class=\"elementor-section elementor-top-section elementor-element elementor-element-f1e78b5 elementor-section-boxed elementor-section-height-default elementor-section-height-default\" data-id=\"f1e78b5\" data-element_type=\"section\" data-e-type=\"section\" data-settings=\"{&quot;background_background&quot;:&quot;classic&quot;}\">\n\t\t\t\t\t\t<div class=\"elementor-container elementor-column-gap-default\">\n\t\t\t\t\t<div class=\"elementor-column elementor-col-100 elementor-top-column elementor-element elementor-element-f18b41a\" data-id=\"f18b41a\" data-element_type=\"column\" data-e-type=\"column\">\n\t\t\t<div class=\"elementor-widget-wrap elementor-element-populated\">\n\t\t\t\t\t\t<div class=\"elementor-element elementor-element-8e23fc9 elementor-widget__width-initial elementor-widget elementor-widget-text-editor\" data-id=\"8e23fc9\" data-element_type=\"widget\" data-e-type=\"widget\" data-widget_type=\"text-editor.default\">\n\t\t\t\t<div class=\"elementor-widget-container\">\n\t\t\t\t\t\t\t\t\t<p>N\u1ebfu b\u1ea1n \u0111\u00e3 \u0111\u1ecdc Quy t\u1eafc v\u0103n h\u00f3a c\u1ee7a ch\u00fang t\u00f4i, b\u1ea1n s\u1ebd bi\u1ebft r\u1eb1ng ch\u00fang t\u00f4i r\u1ea5t k\u00e9n ch\u1ecdn nh\u1eefng ng\u01b0\u1eddi \u0111\u1ed3ng h\u00e0nh. \u0110\u1ed9i ng\u0169 Great Cherry t\u1eadp h\u1ee3p nh\u1eefng ng\u01b0\u1eddi bi\u1ebft c\u00e1ch ho\u00e0n th\u00e0nh c\u00f4ng vi\u1ec7c v\u00e0 \u0111am m\u00ea \u0111\u01b0a c\u00e0 ph\u00ea Robusta tuy\u1ec7t v\u1eddi c\u1ee7a Vi\u1ec7t Nam ra th\u1ebf gi\u1edbi.<\/p>\t\t\t\t\t\t\t\t<\/div>\n\t\t\t\t<\/div>\n\t\t\t\t\t<\/div>\n\t\t<\/div>\n\t\t\t\t\t<\/div>\n\t\t<\/section>\n\t\t\t\t<section class=\"elementor-section elementor-top-section elementor-element elementor-element-58a7a16 elementor-section-boxed elementor-section-height-default elementor-section-height-default\" data-id=\"58a7a16\" data-element_type=\"section\" data-e-type=\"section\" data-settings=\"{&quot;background_background&quot;:&quot;classic&quot;}\">\n\t\t\t\t\t\t<div class=\"elementor-container elementor-column-gap-default\">\n\t\t\t\t\t<div class=\"elementor-column elementor-col-100 elementor-top-column elementor-element elementor-element-6874edd\" data-id=\"6874edd\" data-element_type=\"column\" data-e-type=\"column\">\n\t\t\t<div class=\"elementor-widget-wrap elementor-element-populated\">\n\t\t\t\t\t\t<div class=\"elementor-element elementor-element-c8ae52c elementor-widget elementor-widget-heading\" data-id=\"c8ae52c\" data-element_type=\"widget\" data-e-type=\"widget\" data-widget_type=\"heading.default\">\n\t\t\t\t<div class=\"elementor-widget-container\">\n\t\t\t\t\t<h2 class=\"elementor-heading-title elementor-size-default\">\u0110\u1ed9i ng\u0169 l\u00e3nh \u0111\u1ea1o c\u1ee7a ch\u00fang t\u00f4i<\/h2>\t\t\t\t<\/div>\n\t\t\t\t<\/div>\n\t\t\t\t\t<\/div>\n\t\t<\/div>\n\t\t\t\t\t<\/div>\n\t\t<\/section>\n\t\t\t\t<section class=\"elementor-section elementor-top-section elementor-element elementor-element-9fb9277 elementor-section-boxed elementor-section-height-default elementor-section-height-default\" data-id=\"9fb9277\" data-element_type=\"section\" data-e-type=\"section\" data-settings=\"{&quot;background_background&quot;:&quot;classic&quot;}\">\n\t\t\t\t\t\t<div class=\"elementor-container elementor-column-gap-default\">\n\t\t\t\t\t<div class=\"elementor-column elementor-col-50 elementor-top-column elementor-element elementor-element-c40330c\" data-id=\"c40330c\" data-element_type=\"column\" data-e-type=\"column\">\n\t\t\t<div class=\"elementor-widget-wrap elementor-element-populated\">\n\t\t\t\t\t\t<div class=\"elementor-element elementor-element-8f15b42 elementor-position-top elementor-widget elementor-widget-image-box\" data-id=\"8f15b42\" data-element_type=\"widget\" data-e-type=\"widget\" data-widget_type=\"image-box.default\">\n\t\t\t\t<div class=\"elementor-widget-container\">\n\t\t\t\t\t<div class=\"elementor-image-box-wrapper\"><figure class=\"elementor-image-box-img\"><img fetchpriority=\"high\" decoding=\"async\" width=\"1024\" height=\"1024\" src=\"https:\/\/greatcherry.org\/wp-content\/uploads\/2023\/11\/4-1.png\" class=\"elementor-animation-grow attachment-large size-large wp-image-5090\" alt=\"\" srcset=\"https:\/\/greatcherry.org\/wp-content\/uploads\/2023\/11\/4-1.png 1024w, https:\/\/greatcherry.org\/wp-content\/uploads\/2023\/11\/4-1-300x300.png 300w, https:\/\/greatcherry.org\/wp-content\/uploads\/2023\/11\/4-1-100x100.png 100w, https:\/\/greatcherry.org\/wp-content\/uploads\/2023\/11\/4-1-600x600.png 600w, https:\/\/greatcherry.org\/wp-content\/uploads\/2023\/11\/4-1-150x150.png 150w, https:\/\/greatcherry.org\/wp-content\/uploads\/2023\/11\/4-1-768x768.png 768w\" sizes=\"(max-width: 1024px) 100vw, 1024px\" \/><\/figure><div class=\"elementor-image-box-content\"><h3 class=\"elementor-image-box-title\"><font color=\"#ff9a52\"><span style=\"font-size: 22px\">TAMI NGUYEN (TRANG)<\/span><\/font><\/h3><p class=\"elementor-image-box-description\"><span style=\", sans-serif;font-size: 18px\">Co-founder, Head of Accounting<\/span><\/p><\/div><\/div>\t\t\t\t<\/div>\n\t\t\t\t<\/div>\n\t\t\t\t\t<\/div>\n\t\t<\/div>\n\t\t\t\t<div class=\"elementor-column elementor-col-50 elementor-top-column elementor-element elementor-element-c4071a0\" data-id=\"c4071a0\" data-element_type=\"column\" data-e-type=\"column\">\n\t\t\t<div class=\"elementor-widget-wrap elementor-element-populated\">\n\t\t\t\t\t\t<div class=\"elementor-element elementor-element-89cfc99 elementor-position-top elementor-widget elementor-widget-image-box\" data-id=\"89cfc99\" data-element_type=\"widget\" data-e-type=\"widget\" data-widget_type=\"image-box.default\">\n\t\t\t\t<div class=\"elementor-widget-container\">\n\t\t\t\t\t<div class=\"elementor-image-box-wrapper\"><figure class=\"elementor-image-box-img\"><img decoding=\"async\" width=\"1024\" height=\"1024\" src=\"https:\/\/greatcherry.org\/wp-content\/uploads\/2023\/11\/3-1.png\" class=\"elementor-animation-grow attachment-large size-large wp-image-5089\" alt=\"\" srcset=\"https:\/\/greatcherry.org\/wp-content\/uploads\/2023\/11\/3-1.png 1024w, https:\/\/greatcherry.org\/wp-content\/uploads\/2023\/11\/3-1-300x300.png 300w, https:\/\/greatcherry.org\/wp-content\/uploads\/2023\/11\/3-1-100x100.png 100w, https:\/\/greatcherry.org\/wp-content\/uploads\/2023\/11\/3-1-600x600.png 600w, https:\/\/greatcherry.org\/wp-content\/uploads\/2023\/11\/3-1-150x150.png 150w, https:\/\/greatcherry.org\/wp-content\/uploads\/2023\/11\/3-1-768x768.png 768w, https:\/\/greatcherry.org\/wp-content\/uploads\/2023\/11\/elementor\/thumbs\/3-1-qf5ef8794b8clnxfgiu6icpc6myzeanhi5fzvv6j2o.png 1000w\" sizes=\"(max-width: 1024px) 100vw, 1024px\" \/><\/figure><div class=\"elementor-image-box-content\"><h3 class=\"elementor-image-box-title\"><font color=\"#ff9a52\"><span style=\"font-size: 22px\">TOAN DUONG (TO\u00c0N)<\/span><\/font><\/h3><p class=\"elementor-image-box-description\"><span style=\", sans-serif;font-size: 18px\">Partner, Head of Production<\/span><\/p><\/div><\/div>\t\t\t\t<\/div>\n\t\t\t\t<\/div>\n\t\t\t\t\t<\/div>\n\t\t<\/div>\n\t\t\t\t\t<\/div>\n\t\t<\/section>\n\t\t\t\t<section class=\"elementor-section elementor-top-section elementor-element elementor-element-e8ea3c2 elementor-section-boxed elementor-section-height-default elementor-section-height-default\" data-id=\"e8ea3c2\" data-element_type=\"section\" data-e-type=\"section\" data-settings=\"{&quot;background_background&quot;:&quot;classic&quot;}\">\n\t\t\t\t\t\t<div class=\"elementor-container elementor-column-gap-default\">\n\t\t\t\t\t<div class=\"elementor-column elementor-col-50 elementor-top-column elementor-element elementor-element-caf5fad\" data-id=\"caf5fad\" data-element_type=\"column\" data-e-type=\"column\">\n\t\t\t<div class=\"elementor-widget-wrap elementor-element-populated\">\n\t\t\t\t\t\t<div class=\"elementor-element elementor-element-ec9428b elementor-position-top elementor-widget elementor-widget-image-box\" data-id=\"ec9428b\" data-element_type=\"widget\" data-e-type=\"widget\" data-widget_type=\"image-box.default\">\n\t\t\t\t<div class=\"elementor-widget-container\">\n\t\t\t\t\t<div class=\"elementor-image-box-wrapper\"><figure class=\"elementor-image-box-img\"><img decoding=\"async\" width=\"1024\" height=\"1024\" src=\"https:\/\/greatcherry.org\/wp-content\/uploads\/2024\/05\/Member-nen-2-mau.webp\" class=\"elementor-animation-grow attachment-large size-large wp-image-7006\" alt=\"\" srcset=\"https:\/\/greatcherry.org\/wp-content\/uploads\/2024\/05\/Member-nen-2-mau.webp 1024w, https:\/\/greatcherry.org\/wp-content\/uploads\/2024\/05\/Member-nen-2-mau-300x300.webp 300w, https:\/\/greatcherry.org\/wp-content\/uploads\/2024\/05\/Member-nen-2-mau-100x100.webp 100w, https:\/\/greatcherry.org\/wp-content\/uploads\/2024\/05\/Member-nen-2-mau-600x600.webp 600w, https:\/\/greatcherry.org\/wp-content\/uploads\/2024\/05\/Member-nen-2-mau-150x150.webp 150w, https:\/\/greatcherry.org\/wp-content\/uploads\/2024\/05\/Member-nen-2-mau-768x768.webp 768w\" sizes=\"(max-width: 1024px) 100vw, 1024px\" \/><\/figure><div class=\"elementor-image-box-content\"><h3 class=\"elementor-image-box-title\"><font color=\"#ff9a52\"><span style=\"font-size: 22px\">TONY HOANG (TRUNG)<\/span><\/font><\/h3><p class=\"elementor-image-box-description\"><span style=\", sans-serif;font-size: 18px\">Ph\u1ee5 tr\u00e1ch b\u00e1n h\u00e0ng<\/span><\/p><\/div><\/div>\t\t\t\t<\/div>\n\t\t\t\t<\/div>\n\t\t\t\t\t<\/div>\n\t\t<\/div>\n\t\t\t\t<div class=\"elementor-column elementor-col-50 elementor-top-column elementor-element elementor-element-1596175\" data-id=\"1596175\" data-element_type=\"column\" data-e-type=\"column\">\n\t\t\t<div class=\"elementor-widget-wrap elementor-element-populated\">\n\t\t\t\t\t\t<div class=\"elementor-element elementor-element-c97512f elementor-position-top elementor-widget elementor-widget-image-box\" data-id=\"c97512f\" data-element_type=\"widget\" data-e-type=\"widget\" data-widget_type=\"image-box.default\">\n\t\t\t\t<div class=\"elementor-widget-container\">\n\t\t\t\t\t<div class=\"elementor-image-box-wrapper\"><figure class=\"elementor-image-box-img\"><img loading=\"lazy\" decoding=\"async\" width=\"1024\" height=\"1024\" src=\"https:\/\/greatcherry.org\/wp-content\/uploads\/2023\/11\/1-1.png\" class=\"elementor-animation-grow attachment-large size-large wp-image-5087\" alt=\"\" srcset=\"https:\/\/greatcherry.org\/wp-content\/uploads\/2023\/11\/1-1.png 1024w, https:\/\/greatcherry.org\/wp-content\/uploads\/2023\/11\/1-1-300x300.png 300w, https:\/\/greatcherry.org\/wp-content\/uploads\/2023\/11\/1-1-100x100.png 100w, https:\/\/greatcherry.org\/wp-content\/uploads\/2023\/11\/1-1-600x600.png 600w, https:\/\/greatcherry.org\/wp-content\/uploads\/2023\/11\/1-1-150x150.png 150w, https:\/\/greatcherry.org\/wp-content\/uploads\/2023\/11\/1-1-768x768.png 768w\" sizes=\"(max-width: 1024px) 100vw, 1024px\" \/><\/figure><div class=\"elementor-image-box-content\"><h3 class=\"elementor-image-box-title\"><font color=\"#ff9a52\"><span style=\"font-size: 22px\">WILL NGUYEN (LINH)<\/span><\/font><\/h3><p class=\"elementor-image-box-description\"><span style=\", sans-serif;font-size: 18px\">Co-founder, Head of Operations<\/span><\/p><\/div><\/div>\t\t\t\t<\/div>\n\t\t\t\t<\/div>\n\t\t\t\t\t<\/div>\n\t\t<\/div>\n\t\t\t\t\t<\/div>\n\t\t<\/section>\n\t\t\t\t<\/div>","protected":false},"excerpt":{"rendered":"<p>If you&#8217;ve read our Culture Code, you know we&#8217;re unreasonably picky about our peers. The Great Cherry team is made up people who know how to get things done properly and are passionate about bringing amazing premium robusta coffee from Vietnam to the world. Meet our leadership team TAMI NGUYEN (TRANG) Co-founder, Head of Accounting &hellip;<\/p>\n<p class=\"read-more\"> <a class=\"\" href=\"https:\/\/greatcherry.org\/vi\/our-team\/\"> <span class=\"screen-reader-text\">Our Team<\/span> Read More &raquo;<\/a><\/p>","protected":false},"author":21,"featured_media":0,"parent":0,"menu_order":0,"comment_status":"closed","ping_status":"closed","template":"","meta":{"content-type":"","site-sidebar-layout":"no-sidebar","site-content-layout":"page-builder","ast-global-header-display":"","ast-main-header-display":"","ast-hfb-above-header-display":"","ast-hfb-below-header-display":"","ast-hfb-mobile-header-display":"","site-post-title":"disabled","ast-breadcrumbs-content":"","ast-featured-img":"disabled","footer-sml-layout":"","theme-transparent-header-meta":"enabled","adv-header-id-meta":"","stick-header-meta":"","header-above-stick-meta":"","header-main-stick-meta":"","header-below-stick-meta":"","footnotes":""},"class_list":["post-4657","page","type-page","status-publish","hentry"],"_links":{"self":[{"href":"https:\/\/greatcherry.org\/vi\/wp-json\/wp\/v2\/pages\/4657","targetHints":{"allow":["GET"]}}],"collection":[{"href":"https:\/\/greatcherry.org\/vi\/wp-json\/wp\/v2\/pages"}],"about":[{"href":"https:\/\/greatcherry.org\/vi\/wp-json\/wp\/v2\/types\/page"}],"author":[{"embeddable":true,"href":"https:\/\/greatcherry.org\/vi\/wp-json\/wp\/v2\/users\/21"}],"replies":[{"embeddable":true,"href":"https:\/\/greatcherry.org\/vi\/wp-json\/wp\/v2\/comments?post=4657"}],"version-history":[{"count":128,"href":"https:\/\/greatcherry.org\/vi\/wp-json\/wp\/v2\/pages\/4657\/revisions"}],"predecessor-version":[{"id":7576,"href":"https:\/\/greatcherry.org\/vi\/wp-json\/wp\/v2\/pages\/4657\/revisions\/7576"}],"wp:attachment":[{"href":"https:\/\/greatcherry.org\/vi\/wp-json\/wp\/v2\/media?parent=4657"}],"curies":[{"name":"wp","href":"https:\/\/api.w.org\/{rel}","templated":true}]}}