{"id":1867,"date":"2022-09-20T23:06:57","date_gmt":"2022-09-20T13:06:57","guid":{"rendered":"https:\/\/greatcherry.org\/?page_id=1867"},"modified":"2025-09-13T06:02:34","modified_gmt":"2025-09-12T23:02:34","slug":"business-thesis","status":"publish","type":"page","link":"https:\/\/greatcherry.org\/vi\/business-thesis\/","title":{"rendered":"Our Business Thesis"},"content":{"rendered":"<div data-elementor-type=\"wp-page\" data-elementor-id=\"1867\" class=\"elementor elementor-1867\" data-elementor-post-type=\"page\">\n\t\t\t\t\t\t<section class=\"elementor-section elementor-top-section elementor-element elementor-element-3caff8f elementor-section-boxed elementor-section-height-default elementor-section-height-default\" data-id=\"3caff8f\" data-element_type=\"section\" data-e-type=\"section\" data-settings=\"{&quot;background_background&quot;:&quot;classic&quot;}\">\n\t\t\t\t\t\t<div class=\"elementor-container elementor-column-gap-default\">\n\t\t\t\t\t<div class=\"elementor-column elementor-col-100 elementor-top-column elementor-element elementor-element-198c206\" data-id=\"198c206\" data-element_type=\"column\" data-e-type=\"column\">\n\t\t\t<div class=\"elementor-widget-wrap elementor-element-populated\">\n\t\t\t\t\t\t<div class=\"elementor-element elementor-element-697c2c9 elementor-widget elementor-widget-spacer\" data-id=\"697c2c9\" data-element_type=\"widget\" data-e-type=\"widget\" data-widget_type=\"spacer.default\">\n\t\t\t\t<div class=\"elementor-widget-container\">\n\t\t\t\t\t\t\t<div class=\"elementor-spacer\">\n\t\t\t<div class=\"elementor-spacer-inner\"><\/div>\n\t\t<\/div>\n\t\t\t\t\t\t<\/div>\n\t\t\t\t<\/div>\n\t\t\t\t<div class=\"elementor-element elementor-element-5a4cd40 elementor-widget elementor-widget-heading\" data-id=\"5a4cd40\" data-element_type=\"widget\" data-e-type=\"widget\" data-widget_type=\"heading.default\">\n\t\t\t\t<div class=\"elementor-widget-container\">\n\t\t\t\t\t<h2 class=\"elementor-heading-title elementor-size-default\">WHO WE SEEK<\/h2>\t\t\t\t<\/div>\n\t\t\t\t<\/div>\n\t\t\t\t<div class=\"elementor-element elementor-element-b3386cb elementor-widget elementor-widget-heading\" data-id=\"b3386cb\" data-element_type=\"widget\" data-e-type=\"widget\" data-widget_type=\"heading.default\">\n\t\t\t\t<div class=\"elementor-widget-container\">\n\t\t\t\t\t<h2 class=\"elementor-heading-title elementor-size-default\">C\u00e1c nh\u00e0 rang v\u00e0 nh\u1eadp kh\u1ea9u c\u00e0 ph\u00ea chuy\u00ean nghi\u1ec7p...<\/h2>\t\t\t\t<\/div>\n\t\t\t\t<\/div>\n\t\t\t\t<div class=\"elementor-element elementor-element-095b56e elementor-widget elementor-widget-image\" data-id=\"095b56e\" data-element_type=\"widget\" data-e-type=\"widget\" data-widget_type=\"image.default\">\n\t\t\t\t<div class=\"elementor-widget-container\">\n\t\t\t\t\t\t\t\t\t\t\t\t\t\t\t<img fetchpriority=\"high\" decoding=\"async\" width=\"1024\" height=\"242\" src=\"https:\/\/greatcherry.org\/wp-content\/uploads\/2024\/05\/VN.png\" class=\"attachment-large size-large wp-image-5978\" alt=\"\" srcset=\"https:\/\/greatcherry.org\/wp-content\/uploads\/2024\/05\/VN.png 1500w, https:\/\/greatcherry.org\/wp-content\/uploads\/2024\/05\/VN-600x165.png 600w, https:\/\/greatcherry.org\/wp-content\/uploads\/2024\/05\/VN-300x82.png 300w, https:\/\/greatcherry.org\/wp-content\/uploads\/2024\/05\/VN-1024x281.png 1024w, https:\/\/greatcherry.org\/wp-content\/uploads\/2024\/05\/VN-768x211.png 768w\" sizes=\"(max-width: 1024px) 100vw, 1024px\" \/>\t\t\t\t\t\t\t\t\t\t\t\t\t\t\t<\/div>\n\t\t\t\t<\/div>\n\t\t\t\t\t<\/div>\n\t\t<\/div>\n\t\t\t\t\t<\/div>\n\t\t<\/section>\n\t\t\t\t<section class=\"elementor-section elementor-top-section elementor-element elementor-element-ebac7b4 elementor-section-boxed elementor-section-height-default elementor-section-height-default\" data-id=\"ebac7b4\" data-element_type=\"section\" data-e-type=\"section\" data-settings=\"{&quot;background_background&quot;:&quot;classic&quot;}\">\n\t\t\t\t\t\t<div class=\"elementor-container elementor-column-gap-default\">\n\t\t\t\t\t<div class=\"elementor-column elementor-col-100 elementor-top-column elementor-element elementor-element-57fb161\" data-id=\"57fb161\" data-element_type=\"column\" data-e-type=\"column\">\n\t\t\t<div class=\"elementor-widget-wrap elementor-element-populated\">\n\t\t\t\t\t\t<div class=\"elementor-element elementor-element-327d4db elementor-widget-divider--view-line elementor-widget elementor-widget-divider\" data-id=\"327d4db\" data-element_type=\"widget\" data-e-type=\"widget\" data-widget_type=\"divider.default\">\n\t\t\t\t<div class=\"elementor-widget-container\">\n\t\t\t\t\t\t\t<div class=\"elementor-divider\">\n\t\t\t<span class=\"elementor-divider-separator\">\n\t\t\t\t\t\t<\/span>\n\t\t<\/div>\n\t\t\t\t\t\t<\/div>\n\t\t\t\t<\/div>\n\t\t\t\t<div class=\"elementor-element elementor-element-50781ea elementor-widget elementor-widget-heading\" data-id=\"50781ea\" data-element_type=\"widget\" data-e-type=\"widget\" data-widget_type=\"heading.default\">\n\t\t\t\t<div class=\"elementor-widget-container\">\n\t\t\t\t\t<h2 class=\"elementor-heading-title elementor-size-default\">WHAT YOU GET<\/h2>\t\t\t\t<\/div>\n\t\t\t\t<\/div>\n\t\t\t\t<div class=\"elementor-element elementor-element-e4051c1 elementor-widget elementor-widget-image\" data-id=\"e4051c1\" data-element_type=\"widget\" data-e-type=\"widget\" data-widget_type=\"image.default\">\n\t\t\t\t<div class=\"elementor-widget-container\">\n\t\t\t\t\t\t\t\t\t\t\t\t\t\t\t<img decoding=\"async\" width=\"1024\" height=\"231\" src=\"https:\/\/greatcherry.org\/wp-content\/uploads\/2024\/05\/VN-2.webp\" class=\"attachment-large size-large wp-image-5976\" alt=\"\" srcset=\"https:\/\/greatcherry.org\/wp-content\/uploads\/2024\/05\/VN-2.webp 1500w, https:\/\/greatcherry.org\/wp-content\/uploads\/2024\/05\/VN-2-600x165.webp 600w\" sizes=\"(max-width: 1024px) 100vw, 1024px\" \/>\t\t\t\t\t\t\t\t\t\t\t\t\t\t\t<\/div>\n\t\t\t\t<\/div>\n\t\t\t\t<div class=\"elementor-element elementor-element-0ececf0 elementor-widget elementor-widget-image\" data-id=\"0ececf0\" data-element_type=\"widget\" data-e-type=\"widget\" data-widget_type=\"image.default\">\n\t\t\t\t<div class=\"elementor-widget-container\">\n\t\t\t\t\t\t\t\t\t\t\t\t\t\t\t<img decoding=\"async\" width=\"1024\" height=\"242\" src=\"https:\/\/greatcherry.org\/wp-content\/uploads\/2024\/05\/VN-3.webp\" class=\"attachment-large size-large wp-image-5242\" alt=\"\" srcset=\"https:\/\/greatcherry.org\/wp-content\/uploads\/2024\/05\/VN-3.webp 1500w, https:\/\/greatcherry.org\/wp-content\/uploads\/2024\/05\/VN-3-600x173.webp 600w, https:\/\/greatcherry.org\/wp-content\/uploads\/2024\/05\/VN-3-300x87.webp 300w, https:\/\/greatcherry.org\/wp-content\/uploads\/2024\/05\/VN-3-1024x296.webp 1024w, https:\/\/greatcherry.org\/wp-content\/uploads\/2024\/05\/VN-3-768x222.png 768w\" sizes=\"(max-width: 1024px) 100vw, 1024px\" \/>\t\t\t\t\t\t\t\t\t\t\t\t\t\t\t<\/div>\n\t\t\t\t<\/div>\n\t\t\t\t\t<\/div>\n\t\t<\/div>\n\t\t\t\t\t<\/div>\n\t\t<\/section>\n\t\t\t\t<section class=\"elementor-section elementor-top-section elementor-element elementor-element-48bab7c elementor-section-boxed elementor-section-height-default elementor-section-height-default\" data-id=\"48bab7c\" data-element_type=\"section\" data-e-type=\"section\" data-settings=\"{&quot;background_background&quot;:&quot;classic&quot;}\">\n\t\t\t\t\t\t<div class=\"elementor-container elementor-column-gap-default\">\n\t\t\t\t\t<div class=\"elementor-column elementor-col-100 elementor-top-column elementor-element elementor-element-294f499\" data-id=\"294f499\" data-element_type=\"column\" data-e-type=\"column\">\n\t\t\t<div class=\"elementor-widget-wrap elementor-element-populated\">\n\t\t\t\t\t\t<div class=\"elementor-element elementor-element-03d8179 elementor-widget-divider--view-line elementor-widget elementor-widget-divider\" data-id=\"03d8179\" data-element_type=\"widget\" data-e-type=\"widget\" data-widget_type=\"divider.default\">\n\t\t\t\t<div class=\"elementor-widget-container\">\n\t\t\t\t\t\t\t<div class=\"elementor-divider\">\n\t\t\t<span class=\"elementor-divider-separator\">\n\t\t\t\t\t\t<\/span>\n\t\t<\/div>\n\t\t\t\t\t\t<\/div>\n\t\t\t\t<\/div>\n\t\t\t\t\t<\/div>\n\t\t<\/div>\n\t\t\t\t\t<\/div>\n\t\t<\/section>\n\t\t\t\t<section class=\"elementor-section elementor-top-section elementor-element elementor-element-1da3bdb elementor-section-boxed elementor-section-height-default elementor-section-height-default\" data-id=\"1da3bdb\" data-element_type=\"section\" data-e-type=\"section\" data-settings=\"{&quot;background_background&quot;:&quot;classic&quot;,&quot;background_motion_fx_motion_fx_scrolling&quot;:&quot;yes&quot;,&quot;background_motion_fx_devices&quot;:[&quot;desktop&quot;,&quot;tablet&quot;,&quot;mobile&quot;]}\">\n\t\t\t\t\t\t<div class=\"elementor-container elementor-column-gap-default\">\n\t\t\t\t\t<div class=\"elementor-column elementor-col-33 elementor-top-column elementor-element elementor-element-e8ef5e4\" data-id=\"e8ef5e4\" data-element_type=\"column\" data-e-type=\"column\">\n\t\t\t<div class=\"elementor-widget-wrap elementor-element-populated\">\n\t\t\t\t\t\t<div class=\"elementor-element elementor-element-a352edd elementor-view-default elementor-widget elementor-widget-icon\" data-id=\"a352edd\" data-element_type=\"widget\" data-e-type=\"widget\" data-widget_type=\"icon.default\">\n\t\t\t\t<div class=\"elementor-widget-container\">\n\t\t\t\t\t\t\t<div class=\"elementor-icon-wrapper\">\n\t\t\t<div class=\"elementor-icon\">\n\t\t\t<i aria-hidden=\"true\" class=\"fas fa-quote-left\"><\/i>\t\t\t<\/div>\n\t\t<\/div>\n\t\t\t\t\t\t<\/div>\n\t\t\t\t<\/div>\n\t\t\t\t\t<\/div>\n\t\t<\/div>\n\t\t\t\t<div class=\"elementor-column elementor-col-33 elementor-top-column elementor-element elementor-element-16a9dfe\" data-id=\"16a9dfe\" data-element_type=\"column\" data-e-type=\"column\">\n\t\t\t<div class=\"elementor-widget-wrap elementor-element-populated\">\n\t\t\t\t\t\t<div class=\"elementor-element elementor-element-99fc41e elementor-widget elementor-widget-text-editor\" data-id=\"99fc41e\" data-element_type=\"widget\" data-e-type=\"widget\" data-widget_type=\"text-editor.default\">\n\t\t\t\t<div class=\"elementor-widget-container\">\n\t\t\t\t\t\t\t\t\t<p>Ch\u00fang t\u00f4i tin r\u1eb1ng c\u00e0 ph\u00ea Robusta s\u1ebd r\u1ea5t ngon n\u1ebfu c\u00f3 ph\u01b0\u01a1ng ph\u00e1p thu ho\u1ea1ch v\u00e0 ch\u1ebf bi\u1ebfn th\u00edch h\u1ee3p. V\u00e0 ch\u00fang t\u00f4i r\u1ea5t vui m\u1eebng khi chia s\u1ebb v\u1edbi c\u00e1c b\u1ea1n mang \u0111\u1ebfn m\u1ed9t s\u1ed1 lo\u1ea1i c\u00e0 ph\u00ea Robusta ngon nh\u1ea5t m\u00e0 \u0111\u1ea5t n\u01b0\u1edbc ch\u00fang t\u00f4i c\u00f3.<\/p>\t\t\t\t\t\t\t\t<\/div>\n\t\t\t\t<\/div>\n\t\t\t\t<div class=\"elementor-element elementor-element-aa313c8 elementor-view-default elementor-widget elementor-widget-icon\" data-id=\"aa313c8\" data-element_type=\"widget\" data-e-type=\"widget\" data-widget_type=\"icon.default\">\n\t\t\t\t<div class=\"elementor-widget-container\">\n\t\t\t\t\t\t\t<div class=\"elementor-icon-wrapper\">\n\t\t\t<div class=\"elementor-icon\">\n\t\t\t<i aria-hidden=\"true\" class=\"fas fa-quote-right\"><\/i>\t\t\t<\/div>\n\t\t<\/div>\n\t\t\t\t\t\t<\/div>\n\t\t\t\t<\/div>\n\t\t\t\t<div class=\"elementor-element elementor-element-918e53e elementor-widget__width-initial elementor-widget elementor-widget-text-editor\" data-id=\"918e53e\" data-element_type=\"widget\" data-e-type=\"widget\" data-widget_type=\"text-editor.default\">\n\t\t\t\t<div class=\"elementor-widget-container\">\n\t\t\t\t\t\t\t\t\t<p>Trang<\/p>\t\t\t\t\t\t\t\t<\/div>\n\t\t\t\t<\/div>\n\t\t\t\t<div class=\"elementor-element elementor-element-16927d6 elementor-widget elementor-widget-text-editor\" data-id=\"16927d6\" data-element_type=\"widget\" data-e-type=\"widget\" data-widget_type=\"text-editor.default\">\n\t\t\t\t<div class=\"elementor-widget-container\">\n\t\t\t\t\t\t\t\t\t<p>\u0110\u1ed3ng s\u00e1ng l\u1eadp Great Cherry<\/p>\t\t\t\t\t\t\t\t<\/div>\n\t\t\t\t<\/div>\n\t\t\t\t\t<\/div>\n\t\t<\/div>\n\t\t\t\t<div class=\"elementor-column elementor-col-33 elementor-top-column elementor-element elementor-element-a41d991\" data-id=\"a41d991\" data-element_type=\"column\" data-e-type=\"column\">\n\t\t\t<div class=\"elementor-widget-wrap elementor-element-populated\">\n\t\t\t\t\t\t<div class=\"elementor-element elementor-element-4c12bc4 elementor-widget elementor-widget-image\" data-id=\"4c12bc4\" data-element_type=\"widget\" data-e-type=\"widget\" data-widget_type=\"image.default\">\n\t\t\t\t<div class=\"elementor-widget-container\">\n\t\t\t\t\t\t\t\t\t\t\t\t\t\t\t<img loading=\"lazy\" decoding=\"async\" width=\"1024\" height=\"1024\" src=\"https:\/\/greatcherry.org\/wp-content\/uploads\/2023\/12\/4.png\" class=\"attachment-large size-large wp-image-5918\" alt=\"\" srcset=\"https:\/\/greatcherry.org\/wp-content\/uploads\/2023\/12\/4.png 1024w, https:\/\/greatcherry.org\/wp-content\/uploads\/2023\/12\/4-300x300.png 300w, https:\/\/greatcherry.org\/wp-content\/uploads\/2023\/12\/4-100x100.png 100w, https:\/\/greatcherry.org\/wp-content\/uploads\/2023\/12\/4-600x600.png 600w, https:\/\/greatcherry.org\/wp-content\/uploads\/2023\/12\/4-150x150.png 150w, https:\/\/greatcherry.org\/wp-content\/uploads\/2023\/12\/4-768x768.png 768w, https:\/\/greatcherry.org\/wp-content\/uploads\/2023\/12\/4-12x12.png 12w\" sizes=\"(max-width: 1024px) 100vw, 1024px\" \/>\t\t\t\t\t\t\t\t\t\t\t\t\t\t\t<\/div>\n\t\t\t\t<\/div>\n\t\t\t\t\t<\/div>\n\t\t<\/div>\n\t\t\t\t\t<\/div>\n\t\t<\/section>\n\t\t\t\t<section class=\"elementor-section elementor-top-section elementor-element elementor-element-1534663 elementor-section-boxed elementor-section-height-default elementor-section-height-default\" data-id=\"1534663\" data-element_type=\"section\" data-e-type=\"section\" data-settings=\"{&quot;background_background&quot;:&quot;classic&quot;}\">\n\t\t\t\t\t\t<div class=\"elementor-container elementor-column-gap-default\">\n\t\t\t\t\t<div class=\"elementor-column elementor-col-100 elementor-top-column elementor-element elementor-element-924916a\" data-id=\"924916a\" data-element_type=\"column\" data-e-type=\"column\">\n\t\t\t<div class=\"elementor-widget-wrap elementor-element-populated\">\n\t\t\t\t\t\t<div class=\"elementor-element elementor-element-03755a6 elementor-align-center elementor-widget elementor-widget-button\" data-id=\"03755a6\" data-element_type=\"widget\" data-e-type=\"widget\" data-widget_type=\"button.default\">\n\t\t\t\t<div class=\"elementor-widget-container\">\n\t\t\t\t\t\t\t\t\t<div class=\"elementor-button-wrapper\">\n\t\t\t\t\t<a class=\"elementor-button elementor-button-link elementor-size-sm\" href=\"https:\/\/greatcherry.org\/vi\/home-form\/\">\n\t\t\t\t\t\t<span class=\"elementor-button-content-wrapper\">\n\t\t\t\t\t\t\t\t\t<span class=\"elementor-button-text\">Lest connect!<\/span>\n\t\t\t\t\t<\/span>\n\t\t\t\t\t<\/a>\n\t\t\t\t<\/div>\n\t\t\t\t\t\t\t\t<\/div>\n\t\t\t\t<\/div>\n\t\t\t\t\t<\/div>\n\t\t<\/div>\n\t\t\t\t\t<\/div>\n\t\t<\/section>\n\t\t\t\t<\/div>","protected":false},"excerpt":{"rendered":"<p>WHO WE SEEK Specialty coffee roasters and importers who are WHAT YOU GET We believe that robusta coffee can be very pleasant with proper harvesting and processing methods. And we&#8217;re excited to bring some of the best robustas our country has to offer. Tami Nguyen Co-founder of Great Cherry\u200b Lest connect!<\/p>","protected":false},"author":1,"featured_media":0,"parent":0,"menu_order":0,"comment_status":"closed","ping_status":"closed","template":"","meta":{"content-type":"","site-sidebar-layout":"no-sidebar","site-content-layout":"page-builder","ast-global-header-display":"","ast-main-header-display":"","ast-hfb-above-header-display":"","ast-hfb-below-header-display":"","ast-hfb-mobile-header-display":"","site-post-title":"disabled","ast-breadcrumbs-content":"","ast-featured-img":"disabled","footer-sml-layout":"","theme-transparent-header-meta":"","adv-header-id-meta":"","stick-header-meta":"","header-above-stick-meta":"","header-main-stick-meta":"","header-below-stick-meta":"","footnotes":""},"class_list":["post-1867","page","type-page","status-publish","hentry"],"_links":{"self":[{"href":"https:\/\/greatcherry.org\/vi\/wp-json\/wp\/v2\/pages\/1867","targetHints":{"allow":["GET"]}}],"collection":[{"href":"https:\/\/greatcherry.org\/vi\/wp-json\/wp\/v2\/pages"}],"about":[{"href":"https:\/\/greatcherry.org\/vi\/wp-json\/wp\/v2\/types\/page"}],"author":[{"embeddable":true,"href":"https:\/\/greatcherry.org\/vi\/wp-json\/wp\/v2\/users\/1"}],"replies":[{"embeddable":true,"href":"https:\/\/greatcherry.org\/vi\/wp-json\/wp\/v2\/comments?post=1867"}],"version-history":[{"count":349,"href":"https:\/\/greatcherry.org\/vi\/wp-json\/wp\/v2\/pages\/1867\/revisions"}],"predecessor-version":[{"id":7602,"href":"https:\/\/greatcherry.org\/vi\/wp-json\/wp\/v2\/pages\/1867\/revisions\/7602"}],"wp:attachment":[{"href":"https:\/\/greatcherry.org\/vi\/wp-json\/wp\/v2\/media?parent=1867"}],"curies":[{"name":"wp","href":"https:\/\/api.w.org\/{rel}","templated":true}]}}